{"id":87,"date":"2023-10-25T20:00:13","date_gmt":"2023-10-25T20:00:13","guid":{"rendered":"http:\/\/manja"},"modified":"2023-11-24T18:47:08","modified_gmt":"2023-11-24T18:47:08","slug":"audio-forum-2013","status":"publish","type":"page","link":"https:\/\/audioforum.rs\/sr\/previous-events\/audio-forum-2013\/","title":{"rendered":"Audio Forum 2013"},"content":{"rendered":"<h2 class=\"wp-block-heading\"><a href=\"https:\/\/www.linkedin.com\/in\/boris-krstajic-6a40517\/\">Boris Krstaji\u0107<\/a><\/h2>\n\n\n\n<h6 class=\"wp-block-heading\">Muzi\u010dki producent<\/h6>\n\n\n\n<div class=\"wp-block-media-text is-stacked-on-mobile is-image-fill\"><figure class=\"wp-block-media-text__media\" style=\"background-image:url(https:\/\/audioforum.rs\/wp-content\/uploads\/2023\/10\/Boris-5_cr-gigapixel-low_res-height-400px.jpg);background-position:50% 50%\"><img fetchpriority=\"high\" decoding=\"async\" width=\"400\" height=\"400\" src=\"https:\/\/audioforum.rs\/wp-content\/uploads\/2023\/10\/Boris-5_cr-gigapixel-low_res-height-400px.jpg\" alt=\"\" class=\"wp-image-203 size-full\" srcset=\"https:\/\/audioforum.rs\/wp-content\/uploads\/2023\/10\/Boris-5_cr-gigapixel-low_res-height-400px.jpg 400w, https:\/\/audioforum.rs\/wp-content\/uploads\/2023\/10\/Boris-5_cr-gigapixel-low_res-height-400px-300x300.jpg 300w, https:\/\/audioforum.rs\/wp-content\/uploads\/2023\/10\/Boris-5_cr-gigapixel-low_res-height-400px-150x150.jpg 150w\" sizes=\"(max-width: 400px) 100vw, 400px\" \/><\/figure><div class=\"wp-block-media-text__content\">\n<h3 class=\"wp-block-heading\">17.5.2013 | 12:00 - 14:00 | na licu mesta<\/h3>\n\n\n\n<p>Boris je svoju muzi\u010dku karijeru zapo\u010deo krajem devedesetih godina kao aran\u017eer i producent albuma tada mla\u0111e generacije pop autora. Po\u010detkom dvejhiljaditih godina, realizuje autorsku muziku u okviru projekta pod nazivom \u201eSpeed Limit\u201c, \u010dime se etablira kao najprominentniji autor elektronske muzike u Srbiji.<\/p>\n\n\n\n<p>Krstaji\u0107u su usledile saradnje sa zna\u010dajnim imenima pop muzike doma\u0107e scene, ali istovremeno poku\u0161ava da iskora\u010di prema internacionalnoj elektro-pop sceni.<\/p>\n\n\n\n<p>Godine 2012, to se obistinilo, kada je zvani\u010dno objavljen singl \u201eMa Cherie\u201c u saradnji sa DJ Antoine-om. Pesma je dostigla platinasti tira\u017e u vi\u0161e evropskih zemalja i bila u top 10 na listama elektronske pop muzike u Austriji, Belgiji, \u010ce\u0161koj, Francuskoj, Nema\u010dkoj, Ma\u0111arskoj, Italiji, Rusiji, Slova\u010dkoj i \u0160vajcarskoj.<\/p>\n\n\n\n<p>Kao aran\u017eer i producent, Boris je sara\u0111ivao sa priznatim srpskim pop izvo\u0111a\u010dima kao \u0161to su: Aleksandra Radovi\u0107, Ana \u0160tajdohar, Miligram, Zana, Madame Piano, Sa\u0161a Vasi\u0107.<\/p>\n\n\n\n<p>Boris Krstaji\u0107 je prvi predava\u010d u istoriji Audio Foruma!<\/p>\n<\/div><\/div>\n\n\n\n<h2 class=\"wp-block-heading\"><a href=\"https:\/\/en.wikipedia.org\/wiki\/Sa%C5%A1a_Habi%C4%87\">Aleksandar Sa\u0161a Habi\u0107<\/a><\/h2>\n\n\n\n<h6 class=\"wp-block-heading\">Muzi\u010dki producent<\/h6>\n\n\n\n<div class=\"wp-block-media-text is-stacked-on-mobile is-image-fill\"><figure class=\"wp-block-media-text__media\" style=\"background-image:url(https:\/\/audioforum.rs\/wp-content\/uploads\/2023\/10\/Habic.jpg);background-position:50% 50%\"><img decoding=\"async\" width=\"300\" height=\"300\" src=\"https:\/\/audioforum.rs\/wp-content\/uploads\/2023\/10\/Habic.jpg\" alt=\"\" class=\"wp-image-205 size-full\" srcset=\"https:\/\/audioforum.rs\/wp-content\/uploads\/2023\/10\/Habic.jpg 300w, https:\/\/audioforum.rs\/wp-content\/uploads\/2023\/10\/Habic-150x150.jpg 150w\" sizes=\"(max-width: 300px) 100vw, 300px\" \/><\/figure><div class=\"wp-block-media-text__content\">\n<h3 class=\"wp-block-heading\">21.5.2013 | 12:00 - 14:00 | na licu mesta<\/h3>\n\n\n\n<p>Sa sigurno\u0161\u0107u ka\u017eemo da je Habi\u0107ev uticaj na muzi\u010dku produkciju kljlu\u010dan. Redefinisao je ulogu muzi\u010dkog producenta na prostorima biv\u0161e Jugoslavije! Njegovo ime naj\u010des\u0107e se vezuje za mnoge albume realizovane u kultnom Studiju 5 Radio Beograda. Pri produkcijskoj ku\u0107i PGP-RTB, osnovane 1958. godine, dugo je bio zaposlen kao muzi\u010dki producent. Habi\u0107 je, dakle, bio pripadnik generacije muzi\u010dara koja je promenila shvatanje pop-rok muzike na ovim prostorima. Otvorio je put prema novom pristupu muzi\u010dkim aran\u017emanima i produkciji, po uzoru na tada\u0161nje svetske muzi\u0107ke trendove.<\/p>\n\n\n\n<p>U svojoj bogatoj i duga\u010dkoj karijeri, Sa\u0161a je sara\u0111ivao sa najpoznatijim izvo\u0111a\u010dima i grupama biv\u0161e Jugoslavije poput: Bajaga i instruktori, Zdravko \u010coli\u0107, Riblja \u010dorba, Van Gog, Rambo Amadeus, Piloti, Zana, Galija, Smak, YU grupa, Kerber, Jakarta, U \u0161kripcu, \u017deljko Bebek, Oktobar 1864.<\/p>\n\n\n\n<p>Habi\u0107 je producirao pesmu sa najve\u0107im brojem izvo\u0111a\u010da u istoriji jugoslovenskog pop-roka, \u201eZa million godina\u201c (1985), doprinos tada\u0161njem pokretu \u201eBand Aid\u201c, koji je radio na podizanju svesti o postojanju potrebe za pomo\u0107 Etiopiji.<\/p>\n<\/div><\/div>\n\n\n\n<h2 class=\"wp-block-heading\"><a href=\"https:\/\/www.aralica.com\">Vojislav Voja Aralica<\/a><\/h2>\n\n\n\n<h6 class=\"wp-block-heading\">Muzi\u010dki producent<\/h6>\n\n\n\n<div class=\"wp-block-media-text is-stacked-on-mobile is-image-fill\" style=\"grid-template-columns:31% auto\"><figure class=\"wp-block-media-text__media\" style=\"background-image:url(https:\/\/audioforum.rs\/wp-content\/uploads\/2023\/10\/IMG_3374_crRES.jpg);background-position:50% 50%\"><img decoding=\"async\" width=\"400\" height=\"400\" src=\"https:\/\/audioforum.rs\/wp-content\/uploads\/2023\/10\/IMG_3374_crRES.jpg\" alt=\"\" class=\"wp-image-161 size-full\" srcset=\"https:\/\/audioforum.rs\/wp-content\/uploads\/2023\/10\/IMG_3374_crRES.jpg 400w, https:\/\/audioforum.rs\/wp-content\/uploads\/2023\/10\/IMG_3374_crRES-300x300.jpg 300w, https:\/\/audioforum.rs\/wp-content\/uploads\/2023\/10\/IMG_3374_crRES-150x150.jpg 150w\" sizes=\"(max-width: 400px) 100vw, 400px\" \/><\/figure><div class=\"wp-block-media-text__content\">\n<h3 class=\"wp-block-heading\">24.5.2013 | 12:00 - 14:00 | na licu mesta<\/h3>\n\n\n\n<p>Ka\u017eu da je trenutno najuposleniji muzi\u010dki producent u Srbiji! Ima vi\u0161e od 50 albuma iza sebe, nekih i najprodavanijih na ex-YU teritoriji. Pored najboljih studija na ovim prostorima, gradio je karijeru rade\u0107i u nekima od najboljih svetskih studija: Real World Studios, Abbey Road, Studio de la Grande Arm\u00e9e, Metalworks Studios, NRG, Metropolis, Strongroom.&nbsp;<em>Real World Studios, Abbey Road, Studio de la Grande Arm\u00e9e, Metalworks Studios, NRG, Metropolis, Strongroom.<\/em><\/p>\n\n\n\n<p>Voja je samouki muzi\u010dar bez formalnog obrazovanja koji je profesionalnu karijeru zapo\u010deo sa svojih 16 godina \u017eivota. Kao cenjeni producent, aran\u017eer, kompozitor i izvo\u0111a\u010d, doprineo je stvaranju velikog broja filmskih numera, mjuzikala i TV reklama.<\/p>\n\n\n\n<p class=\"translation-block\">Producirao je muziku za filmove svetskog reditelja Emira Kusturicu. Sara\u0111ivao je sa najzna\u010dajnijim autorima i grupama na ovim prostorima: Bajaga i instruktori, Zdravko \u010coli\u0107, Van Gog, Elektri\u010dni orgazam, Bilja Krsti\u0107 i Bistrik, Frajle, Dejan Cuki\u0107. Stalni je \u010dlan grupe Kolja i grobovlasnici.<\/p>\n\n\n\n<p>Organizatori Audio Foruma posebno se zahvaljuju Voji na podr\u0161ci koju nesebi\u010dno pru\u017ea od osnivanja do danas. Voja je ujedno i po\u010dasni \u010dlan Audio Forum ekipe!<\/p>\n<\/div><\/div>","protected":false},"excerpt":{"rendered":"<p>Boris Krstaji\u0107 Music Producer May 17, 2013 | 12:00 \u2013 14:00 | on-site Boris started his music career at the end of the &#8217;90s as an arranger and album producer for the younger generation of pop artists at the time. Around the beginning of the &#8217;00s, he provided original music to the project called &#8220;Speed [&hellip;]<\/p>\n","protected":false},"author":3,"featured_media":288,"parent":72,"menu_order":0,"comment_status":"closed","ping_status":"closed","template":"","meta":{"_acf_changed":false,"footnotes":""},"class_list":["post-87","page","type-page","status-publish","has-post-thumbnail","hentry"],"acf":[],"yoast_head":"<!-- This site is optimized with the Yoast SEO plugin v26.9 - https:\/\/yoast.com\/product\/yoast-seo-wordpress\/ -->\n<title>Audio Forum 2013 - Audio Forum<\/title>\n<meta name=\"description\" content=\"A unique annual pro-audio conference in the SEE, happening in Belgrade, Serbia, with seasoned experts in its speaker lineup.\" \/>\n<meta name=\"robots\" content=\"index, follow, max-snippet:-1, max-image-preview:large, max-video-preview:-1\" \/>\n<link rel=\"canonical\" href=\"https:\/\/audioforum.rs\/sr\/previous-events\/audio-forum-2013\/\" \/>\n<meta property=\"og:locale\" content=\"sr_RS\" \/>\n<meta property=\"og:type\" content=\"article\" \/>\n<meta property=\"og:title\" content=\"Audio Forum 2013 - Audio Forum\" \/>\n<meta property=\"og:description\" content=\"A unique annual pro-audio conference in the SEE, happening in Belgrade, Serbia, with seasoned experts in its speaker lineup.\" \/>\n<meta property=\"og:url\" content=\"https:\/\/audioforum.rs\/sr\/previous-events\/audio-forum-2013\/\" \/>\n<meta property=\"og:site_name\" content=\"Audio Forum\" \/>\n<meta property=\"article:publisher\" content=\"https:\/\/www.facebook.com\/masivaudioforum\/\" \/>\n<meta property=\"article:modified_time\" content=\"2023-11-24T18:47:08+00:00\" \/>\n<meta property=\"og:image\" content=\"https:\/\/audioforum.rs\/wp-content\/uploads\/2023\/10\/AF_og_image_v3-01.jpg\" \/>\n\t<meta property=\"og:image:width\" content=\"1200\" \/>\n\t<meta property=\"og:image:height\" content=\"768\" \/>\n\t<meta property=\"og:image:type\" content=\"image\/jpeg\" \/>\n<meta name=\"twitter:card\" content=\"summary_large_image\" \/>\n<meta name=\"twitter:label1\" content=\"\u041f\u0440\u043e\u0446\u0435\u045a\u0435\u043d\u043e \u0432\u0440\u0435\u043c\u0435 \u0447\u0438\u0442\u0430\u045a\u0430\" \/>\n\t<meta name=\"twitter:data1\" content=\"4 \u043c\u0438\u043d\u0443\u0442\u0430\" \/>\n<script type=\"application\/ld+json\" class=\"yoast-schema-graph\">{\"@context\":\"https:\/\/schema.org\",\"@graph\":[{\"@type\":\"WebPage\",\"@id\":\"https:\/\/audioforum.rs\/previous-events\/audio-forum-2013\/\",\"url\":\"https:\/\/audioforum.rs\/previous-events\/audio-forum-2013\/\",\"name\":\"Audio Forum 2013 - Audio Forum\",\"isPartOf\":{\"@id\":\"https:\/\/audioforum.rs\/#website\"},\"primaryImageOfPage\":{\"@id\":\"https:\/\/audioforum.rs\/previous-events\/audio-forum-2013\/#primaryimage\"},\"image\":{\"@id\":\"https:\/\/audioforum.rs\/previous-events\/audio-forum-2013\/#primaryimage\"},\"thumbnailUrl\":\"https:\/\/audioforum.rs\/wp-content\/uploads\/2023\/10\/AF_og_image_v3-01.jpg\",\"datePublished\":\"2023-10-25T20:00:13+00:00\",\"dateModified\":\"2023-11-24T18:47:08+00:00\",\"description\":\"A unique annual pro-audio conference in the SEE, happening in Belgrade, Serbia, with seasoned experts in its speaker lineup.\",\"breadcrumb\":{\"@id\":\"https:\/\/audioforum.rs\/previous-events\/audio-forum-2013\/#breadcrumb\"},\"inLanguage\":\"sr-RS\",\"potentialAction\":[{\"@type\":\"ReadAction\",\"target\":[\"https:\/\/audioforum.rs\/previous-events\/audio-forum-2013\/\"]}]},{\"@type\":\"ImageObject\",\"inLanguage\":\"sr-RS\",\"@id\":\"https:\/\/audioforum.rs\/previous-events\/audio-forum-2013\/#primaryimage\",\"url\":\"https:\/\/audioforum.rs\/wp-content\/uploads\/2023\/10\/AF_og_image_v3-01.jpg\",\"contentUrl\":\"https:\/\/audioforum.rs\/wp-content\/uploads\/2023\/10\/AF_og_image_v3-01.jpg\",\"width\":1200,\"height\":768},{\"@type\":\"BreadcrumbList\",\"@id\":\"https:\/\/audioforum.rs\/previous-events\/audio-forum-2013\/#breadcrumb\",\"itemListElement\":[{\"@type\":\"ListItem\",\"position\":1,\"name\":\"Home\",\"item\":\"https:\/\/audioforum.rs\/\"},{\"@type\":\"ListItem\",\"position\":2,\"name\":\"Previous Events\",\"item\":\"https:\/\/audioforum.rs\/previous-events\/\"},{\"@type\":\"ListItem\",\"position\":3,\"name\":\"Audio Forum 2013\"}]},{\"@type\":\"WebSite\",\"@id\":\"https:\/\/audioforum.rs\/#website\",\"url\":\"https:\/\/audioforum.rs\/\",\"name\":\"Audio Forum\",\"description\":\"A unique annual pro-audio conference in SEE\",\"publisher\":{\"@id\":\"https:\/\/audioforum.rs\/#organization\"},\"potentialAction\":[{\"@type\":\"SearchAction\",\"target\":{\"@type\":\"EntryPoint\",\"urlTemplate\":\"https:\/\/audioforum.rs\/?s={search_term_string}\"},\"query-input\":{\"@type\":\"PropertyValueSpecification\",\"valueRequired\":true,\"valueName\":\"search_term_string\"}}],\"inLanguage\":\"sr-RS\"},{\"@type\":\"Organization\",\"@id\":\"https:\/\/audioforum.rs\/#organization\",\"name\":\"Audio Forum\",\"url\":\"https:\/\/audioforum.rs\/\",\"logo\":{\"@type\":\"ImageObject\",\"inLanguage\":\"sr-RS\",\"@id\":\"https:\/\/audioforum.rs\/#\/schema\/logo\/image\/\",\"url\":\"https:\/\/audioforum.rs\/wp-content\/uploads\/2023\/11\/AF_Logo-01.png\",\"contentUrl\":\"https:\/\/audioforum.rs\/wp-content\/uploads\/2023\/11\/AF_Logo-01.png\",\"width\":4000,\"height\":420,\"caption\":\"Audio Forum\"},\"image\":{\"@id\":\"https:\/\/audioforum.rs\/#\/schema\/logo\/image\/\"},\"sameAs\":[\"https:\/\/www.facebook.com\/masivaudioforum\/\",\"https:\/\/www.youtube.com\/c\/AudioForum\",\"https:\/\/www.instagram.com\/audio_forum\/\",\"https:\/\/discord.com\/invite\/pW4tgnn4k3\"]}]}<\/script>\n<!-- \/ Yoast SEO plugin. -->","yoast_head_json":{"title":"Audio Forum 2013 - Audio Forum","description":"A unique annual pro-audio conference in the SEE, happening in Belgrade, Serbia, with seasoned experts in its speaker lineup.","robots":{"index":"index","follow":"follow","max-snippet":"max-snippet:-1","max-image-preview":"max-image-preview:large","max-video-preview":"max-video-preview:-1"},"canonical":"https:\/\/audioforum.rs\/sr\/previous-events\/audio-forum-2013\/","og_locale":"sr_RS","og_type":"article","og_title":"Audio Forum 2013 - Audio Forum","og_description":"A unique annual pro-audio conference in the SEE, happening in Belgrade, Serbia, with seasoned experts in its speaker lineup.","og_url":"https:\/\/audioforum.rs\/sr\/previous-events\/audio-forum-2013\/","og_site_name":"Audio Forum","article_publisher":"https:\/\/www.facebook.com\/masivaudioforum\/","article_modified_time":"2023-11-24T18:47:08+00:00","og_image":[{"width":1200,"height":768,"url":"https:\/\/audioforum.rs\/wp-content\/uploads\/2023\/10\/AF_og_image_v3-01.jpg","type":"image\/jpeg"}],"twitter_card":"summary_large_image","twitter_misc":{"\u041f\u0440\u043e\u0446\u0435\u045a\u0435\u043d\u043e \u0432\u0440\u0435\u043c\u0435 \u0447\u0438\u0442\u0430\u045a\u0430":"4 \u043c\u0438\u043d\u0443\u0442\u0430"},"schema":{"@context":"https:\/\/schema.org","@graph":[{"@type":"WebPage","@id":"https:\/\/audioforum.rs\/previous-events\/audio-forum-2013\/","url":"https:\/\/audioforum.rs\/previous-events\/audio-forum-2013\/","name":"Audio Forum 2013 - Audio Forum","isPartOf":{"@id":"https:\/\/audioforum.rs\/#website"},"primaryImageOfPage":{"@id":"https:\/\/audioforum.rs\/previous-events\/audio-forum-2013\/#primaryimage"},"image":{"@id":"https:\/\/audioforum.rs\/previous-events\/audio-forum-2013\/#primaryimage"},"thumbnailUrl":"https:\/\/audioforum.rs\/wp-content\/uploads\/2023\/10\/AF_og_image_v3-01.jpg","datePublished":"2023-10-25T20:00:13+00:00","dateModified":"2023-11-24T18:47:08+00:00","description":"A unique annual pro-audio conference in the SEE, happening in Belgrade, Serbia, with seasoned experts in its speaker lineup.","breadcrumb":{"@id":"https:\/\/audioforum.rs\/previous-events\/audio-forum-2013\/#breadcrumb"},"inLanguage":"sr-RS","potentialAction":[{"@type":"ReadAction","target":["https:\/\/audioforum.rs\/previous-events\/audio-forum-2013\/"]}]},{"@type":"ImageObject","inLanguage":"sr-RS","@id":"https:\/\/audioforum.rs\/previous-events\/audio-forum-2013\/#primaryimage","url":"https:\/\/audioforum.rs\/wp-content\/uploads\/2023\/10\/AF_og_image_v3-01.jpg","contentUrl":"https:\/\/audioforum.rs\/wp-content\/uploads\/2023\/10\/AF_og_image_v3-01.jpg","width":1200,"height":768},{"@type":"BreadcrumbList","@id":"https:\/\/audioforum.rs\/previous-events\/audio-forum-2013\/#breadcrumb","itemListElement":[{"@type":"ListItem","position":1,"name":"Home","item":"https:\/\/audioforum.rs\/"},{"@type":"ListItem","position":2,"name":"Previous Events","item":"https:\/\/audioforum.rs\/previous-events\/"},{"@type":"ListItem","position":3,"name":"Audio Forum 2013"}]},{"@type":"WebSite","@id":"https:\/\/audioforum.rs\/#website","url":"https:\/\/audioforum.rs\/","name":"Audio Forum","description":"A unique annual pro-audio conference in SEE","publisher":{"@id":"https:\/\/audioforum.rs\/#organization"},"potentialAction":[{"@type":"SearchAction","target":{"@type":"EntryPoint","urlTemplate":"https:\/\/audioforum.rs\/?s={search_term_string}"},"query-input":{"@type":"PropertyValueSpecification","valueRequired":true,"valueName":"search_term_string"}}],"inLanguage":"sr-RS"},{"@type":"Organization","@id":"https:\/\/audioforum.rs\/#organization","name":"Audio Forum","url":"https:\/\/audioforum.rs\/","logo":{"@type":"ImageObject","inLanguage":"sr-RS","@id":"https:\/\/audioforum.rs\/#\/schema\/logo\/image\/","url":"https:\/\/audioforum.rs\/wp-content\/uploads\/2023\/11\/AF_Logo-01.png","contentUrl":"https:\/\/audioforum.rs\/wp-content\/uploads\/2023\/11\/AF_Logo-01.png","width":4000,"height":420,"caption":"Audio Forum"},"image":{"@id":"https:\/\/audioforum.rs\/#\/schema\/logo\/image\/"},"sameAs":["https:\/\/www.facebook.com\/masivaudioforum\/","https:\/\/www.youtube.com\/c\/AudioForum","https:\/\/www.instagram.com\/audio_forum\/","https:\/\/discord.com\/invite\/pW4tgnn4k3"]}]}},"_links":{"self":[{"href":"https:\/\/audioforum.rs\/sr\/wp-json\/wp\/v2\/pages\/87","targetHints":{"allow":["GET"]}}],"collection":[{"href":"https:\/\/audioforum.rs\/sr\/wp-json\/wp\/v2\/pages"}],"about":[{"href":"https:\/\/audioforum.rs\/sr\/wp-json\/wp\/v2\/types\/page"}],"author":[{"embeddable":true,"href":"https:\/\/audioforum.rs\/sr\/wp-json\/wp\/v2\/users\/3"}],"replies":[{"embeddable":true,"href":"https:\/\/audioforum.rs\/sr\/wp-json\/wp\/v2\/comments?post=87"}],"version-history":[{"count":7,"href":"https:\/\/audioforum.rs\/sr\/wp-json\/wp\/v2\/pages\/87\/revisions"}],"predecessor-version":[{"id":1058,"href":"https:\/\/audioforum.rs\/sr\/wp-json\/wp\/v2\/pages\/87\/revisions\/1058"}],"up":[{"embeddable":true,"href":"https:\/\/audioforum.rs\/sr\/wp-json\/wp\/v2\/pages\/72"}],"wp:featuredmedia":[{"embeddable":true,"href":"https:\/\/audioforum.rs\/sr\/wp-json\/wp\/v2\/media\/288"}],"wp:attachment":[{"href":"https:\/\/audioforum.rs\/sr\/wp-json\/wp\/v2\/media?parent=87"}],"curies":[{"name":"wp","href":"https:\/\/api.w.org\/{rel}","templated":true}]}}