{"id":90,"date":"2023-10-25T20:00:13","date_gmt":"2023-10-25T20:00:13","guid":{"rendered":"http:\/\/manja"},"modified":"2023-11-24T18:44:44","modified_gmt":"2023-11-24T18:44:44","slug":"code-of-conduct","status":"publish","type":"page","link":"https:\/\/audioforum.rs\/sr\/code-of-conduct\/","title":{"rendered":"Pravila pona\u0161anja"},"content":{"rendered":"<p>A\u017eurirano: 4.11.2023.<\/p>\n\n\n\n<h2 class=\"wp-block-heading\">Uvod<\/h2>\n\n\n\n<p>Dobrodo\u0161li! Ova stranica slu\u017ei da vas upozna sa pravilima kojih se morate pridr\u017eavati prilikom u\u010destvovanja u aktivnostima udru\u017eenja Masiv. Li\u010dna sigurnost i bezbednost svakog prisutnog pojedinca predstavljaju prioritet u na\u0161oj organizaciji, pri \u010demu mislimo na sigurnost i bezbednost prisutnih:<\/p>\n\n\n\n<ul class=\"wp-block-list\">\n<li>na na\u0161im aktivnostima na licu mesta, ili<\/li>\n\n\n\n<li>u online komunikaciji saop\u0161tena preko platformi tre\u0107ih lica koje Masiv koristi za kontakt sa u\u010desnicima aktivnosti koje organizuje.<\/li>\n<\/ul>\n\n\n\n<p>U nastavku bismo razjasnili neku terminologiju radi boljeg razumevanja pravila pona\u0161anja. <\/p>\n\n\n\n<ul class=\"wp-block-list\">\n<li class=\"translation-block\"><b>\u201eAktivnost\u201c<\/b> zna\u010di bilo koja okolnost uprili\u010dena od strane Masiva, koja mo\u017ee imati bilo kakav oblik (uklju\u010duju\u0107i i online), u skladu sa statutarnim cilljevima;<\/li>\n\n\n\n<li class=\"translation-block\"><b>\u201eKorisnik\u201c<\/b> je bilo koje lice koje dolazi u interakciju sa Masivom ili njegovim aktivnostima na osnovu li\u010dne inicijative i interesovanja, a sa ciljem da bolje razume aktivnosti Masiva;<\/li>\n\n\n\n<li class=\"translation-block\"><b>\u201e\u010clan\u201c<\/b> je korisnik koji je svojevoljno pristupio \u010dlanstvu u Masivu.<\/li>\n\n\n\n<li class=\"translation-block\"><b>\u201e\u010clanstvo\u201c<\/b> je tvrdnja statusa \u010dlana u Masivu.<\/li>\n\n\n\n<li class=\"translation-block\"><b>\u201e\u010clanarina\u201c<\/b> je nov\u010dani iznos potreban za pristupanje \u010dlanstvu u Masivu.<\/li>\n\n\n\n<li class=\"translation-block\"><b>\u201eU\u010desnik\u201c<\/b> jeste pojedinac koji aktivno u\u010destvuje u aktivnostima Masiva koji mo\u017ee i ne mora biti \u010dlan. Status u\u010desnika odnosi se bez ograni\u010denja na posetioce, govornike, sponzore, goste, izlaga\u010de, promotere, graditelje, volontere, medije.<\/li>\n\n\n\n<li class=\"translation-block\"><b>\u201eDoga\u0111aj\u201c<\/b> je podskup aktivnosti koji se odnosi na realizaciju bilo kakvih zbivanja koja proizlaze iz ili u vezi sa Masivom;<\/li>\n\n\n\n<li class=\"translation-block\"><b>\u201eKampanja\u201c<\/b> je period promocije aktivnosti.<\/li>\n\n\n\n<li class=\"translation-block\"><b>\u201eLice mesta\u201c<\/b> podrazumeva fizi\u010dki prostor koji se koristi za potrebe aktivnosti ili u vezi sa njima, kome se pristupa nakon provere u\u010desnikovih prava pristupa na uspostavljenom kontrolnom punktu.<\/li>\n\n\n\n<li>&#8220;<strong>Online komunikacije<\/strong>predstavlja skup svih kanala komunikacije \u010diji je operater Masiv i koji predstavljaju zvani\u010dno prisustvo Masiva ili aktivnosti Masiva u digitalnom prostoru. Zaklju\u010dno sa datumom poslednjeg a\u017euriranja ovih Pravila pona\u0161anja, aktuelne online komunikacije Masiva su:\n<ul class=\"wp-block-list\">\n<li>Facebook<\/li>\n\n\n\n<li>Instagram<\/li>\n\n\n\n<li>YouTube<\/li>\n\n\n\n<li>Mailchimp<\/li>\n\n\n\n<li>Discord<\/li>\n\n\n\n<li>Linktree<\/li>\n<\/ul>\n<\/li>\n<\/ul>\n\n\n\n<p>Savetujemo da se upoznate sa Politikom privatnosti i Uslovima kori\u0161\u0107enja radi lak\u0161eg razumevanja delokruga ovih Pravila pona\u0161anja, ili makar da budete svesni mogu\u0107nosti da u tim dokumentima mo\u017eete prona\u0107i vi\u0161e informacija relevantnih za vas.<\/p>\n\n\n\n<p>Masiv nastavlja da realizuje doga\u0111aje iz delokruga opisanog u statutu Masiva, koji se identifikuju kao konferencije, seminari, radionice i tribine. Ovo zna\u010di da budu\u0107i radovi Masiva mogu biti izvan navedenog delokruga, a time organizovati bilo kakve aktivnosti, u skladu sa va\u017ee\u0107im statutom. Primera radi, Audio Forum je aktivnost Masiva, tipa doga\u0111aj \u2013 godi\u0161nja konferencija iz oblasti audio produkcije u Srbiji.<\/p>\n\n\n\n<p>Ova Pravila pona\u0161anja mogu biti a\u017eurirana u svakom trenutku, na diskreciono pravo Masiva, bez prethodnog obave\u0161tenja.<\/p>\n\n\n\n<h2 class=\"wp-block-heading\">Pravila pona\u0161anja<\/h2>\n\n\n\n<ol class=\"wp-block-list\">\n<li>Va\u0161e u\u010destvovanje u aktivnostima potvr\u0111uje va\u0161e slaganje sa ovim Pravilima pona\u0161anja.<\/li>\n\n\n\n<li>Vi ste u potpunosti odgovorni za poznavanje, razumevanje i po\u0161tovanje Pravila pona\u0161anja.<\/li>\n\n\n\n<li>Ova Pravila pona\u0161anja nisu iscrpna i Masiv zadr\u017eava pravo da odredi koje pona\u0161anje se smatra u suprotnosti sa dobrim duhom i da preduzme disciplinske mere, uklju\u010dujuc\u0301i izdavanje opomene u\u010desniku uklanjanje\/otpu\u0161tanje naloga koji kr\u0161e autorska prava.<\/li>\n\n\n\n<li>Osoba koja se na licu mesta zatekne bez prava pristupa, Masiv zadr\u017eava pravo da u smislu ovih Pravila pona\u0161anja smatra tu osobu u\u010desnikom ili da odlu\u010di druga\u010dije o pravima pristupa te osobe.<\/li>\n\n\n\n<li>Aktivnosti Masiva na raspolaganju su svima koji su na ispravan na\u010din stekli uslov za to, bilo imanjem adekvatnog statusa \u010dlana Masiva ili sticanjem prava na aktivnosti ad-hoc (na primer kupovinom ulaznica).<\/li>\n\n\n\n<li>Zvani\u010dni jezik Masiva i aktivnosti Masiva je srpski. Neretko je neophodno odr\u017eavati aktivnosti ili delove aktivnosti na stranim jezicima zbog internacionalne prirode tema koje Masiv statutarno obuhvata. Ipak, ovo ne\u0107e biti tuma\u010deno kao priznanje stranih jezika kao zvani\u010dnog ili zvani\u010dnih jezika aktivnosti Masiva.<\/li>\n\n\n\n<li>Osobe koje u trenutku odr\u017eavanja aktivnosti Masiva imaju manje od 18 godina imaju pravo da u\u010destvuju u aktivnostima samo u pratnji svog roditelja ili zakonskog zastupnika.<\/li>\n\n\n\n<li>Zarad odr\u017eanja integriteta i atmosfere grupe otvorene za dijalog, informacije koje se dele u okviru aktivnosti tretira\u0107e se sa profesionalnom ljubazno\u0161c\u0301u i nikada ne\u0107e biti kori\u0161c\u0301ene ili otkrivene van konteksta ili duha saradnje, osim ako nije druga\u010dije nazna\u010deno.<\/li>\n\n\n\n<li>Prihvatate da mo\u017eete biti fotografisani, videografisani i zvu\u010dno snimani bez ograni\u010denja tokom u\u010destvovanja u aktivnostima.<\/li>\n\n\n\n<li>Ova Pravila pona\u0161anja reguli\u0161u i sve aspekte va\u0161e interakcije sa onlajn komunikacijama, uklju\u010dujuc\u0301i bez ograni\u010denja izbor nadimka i avatara Discord servera, postavljanje poruka, interakciju sa drugim korisnicima i osobljem Masiva.<\/li>\n<\/ol>\n\n\n\n<p>Kao i na svakoj konferenciji ili drugom profesionalnom doga\u0111aju, u\u010desnici \u010desto kombinuju profesionalne aktivnosti sa dru\u0161tvenom interakcijom sa drugim u\u010desnicima, osobljem i ostalima. Dok Masiv podsti\u010de takvo umre\u017eavanje i ja\u010danje veza izme\u0111u u\u010desnika, zadr\u017eavamo pravo da uklonimo ili blokiramo svakog u\u010desnika \u010dija dru\u0161tveno pona\u0161anje postane nepo\u017eeljno drugima (bilo na licu mesta ili online) i koji istrajava u takvom pona\u0161anju nakon \u0161to je saop\u0161teno da je priroda tog pona\u0161anja nepo\u017eeljna. Masiv tako\u0111e zadr\u017eava pravo da ukloni ili blokira svakog u\u010desnika koji je pijan ili se \u010dini da je pijan i ophodi se tako da koje ometa moguc\u0301nost drugih u\u010desnika da u\u010destvuju i u\u017eivaju aktivnosti.<\/p>\n\n\n\n<h2 class=\"wp-block-heading\">Neprihvatljivo pona\u0161anje<\/h2>\n\n\n\n<ol class=\"wp-block-list\">\n<li>U\u010desnicima koji klevetaju ili omalova\u017eavaju aktivnost, Masiv, druge u\u010desnike ili integritet drugih lica ili grupa, unose uznemiravanje ili ometanje bilo koga, bic\u0301e zatra\u017eeno da zaustave svako neprihvatljivo pona\u0161anje. Preduzec\u0301emo mere da uklonimo takve u\u010desnike iz okru\u017eenja u slu\u010daju nepo\u0161tovanja ovih Pravila pona\u0161anja.<\/li>\n\n\n\n<li>Zastra\u0161uju\u0107i, uznemiravaju\u0107i, uvredljivi, diskriminatorni, pogrdni ili poni\u017eavaju\u0107i govor ili radnje svih u\u010desnika na ili u vezi sa aktivnostima na licu mesta ili online i povezanim aktivnostima. Svi koji u\u010destvuju u aktivnostima Masiva zaslu\u017euju po\u0161tovanje, bez obzira u kom svojstvu prisustvuju ili u\u010destvuju. Prikladna je diskusija o suprotstavljenim ili razli\u010ditim gledi\u0161tima, ali se o\u010dekuje da se to odvija u tonu po\u0161tovanja i na na\u010din koji izbegava li\u010dne napade.<\/li>\n\n\n\n<li>Uznemiravaju\u0107e pona\u0161anje poput:\n<ul class=\"wp-block-list\">\n<li>kori\u0161\u0107enja uvredljivih verbalnih komentara vezanih za pol, seksualnu orijentaciju, rasu, religiju, nacionalno poreklo, rodni identitet ili invaliditet,<\/li>\n\n\n\n<li>neadekvatna upotreba golotinje i\/ili seksualne slike u prostorima izvo\u0111enja aktivnosti,<\/li>\n\n\n\n<li>namerno zastra\u0161ivanje, virtuelno ili li\u010dno uho\u0111enje ili ne\u017eeljeno pra\u0107enje,<\/li>\n\n\n\n<li>uznemiravaju\u0107e fotografisanje ili snimanje,<\/li>\n\n\n\n<li>vikanje ili pretnja u\u010desnicima ili govornicima,<\/li>\n\n\n\n<li>stalni prekid razgovora ili drugih okolnosti,<\/li>\n\n\n\n<li>nepo\u017eeljan fizi\u010dki ili verbalni kontakt ili nepo\u017eeljna seksualna pa\u017enja,<\/li>\n\n\n\n<li>verbalno ili fizi\u010dko zlostavljanje, zastra\u0161ivanje, pretnje, poku\u0161aj da se nerviranja drugih, uznemiravanje ili uho\u0111enje, koji na bilo koji na\u010din stvara bilo kakvu smetnju, a posebno koja je opasna ili stvara strepnju kod ljudi.<\/li>\n<\/ul>\n<\/li>\n\n\n\n<li>Ometanje aktivnosti ili neovla\u0161\u0107eno deljenje sadr\u017eaja koji uklju\u010duje bilo kog u\u010desnika tokom aktivnosti (poput neovla\u0161\u0107enog objavljivanja sadr\u017eaja na dru\u0161tvenim medijima) bez saglasnosti kreatora sadr\u017eaja. Deljenje sadr\u017eaja u svrhe prijavljivanja kr\u0161enja ovih Pravila pona\u0161anja, zakona ili sli\u010dnih va\u017ee\u0107ih pravila nije zabranjeno ovim Pravilima pona\u0161anja.<\/li>\n\n\n\n<li>Ne smete prenositi ili postavljati bilo koji sadr\u017eaj ili koristiti jezik koji je, bez ograni\u010denja, nezakonit, \u0161tetan, pretec\u0301i, uvredljiv, uznemiravajuc\u0301i, klevetni\u010dki, vulgaran, opscen, netrpeljiv, seksualno eksplicitan, ili rasno, etni\u010dki, ili na drugi na\u010din nepo\u017eeljan ili bilo koji drugi sadr\u017eaj koji mi na na\u0161e diskreciono pravo smatramo uvredljivim.<\/li>\n\n\n\n<li>Ne smete namerno koristiti alternativni pravopis da zaobi\u0111ete ili poku\u0161ate da zaobi\u0111ete ograni\u010denja sadr\u017eaja i jezika.<\/li>\n\n\n\n<li>Ne smete u\u010diniti dostupnim javnosti bilo koje li\u010dne podatke drugog u\u010desnika u aktivnosti i\/ili bilo kojim povezanim uslugama bez izri\u010ditog pismenog pristanka tog u\u010desnika. U\u010desnici imaju pravo da saop\u0161te svoje li\u010dne podatke po sopstvenom naho\u0111enju.<\/li>\n\n\n\n<li>Ne smete kr\u0161iti ugovorna, li\u010dna, prava intelektualne svojine ili druga prava bilo koje strane, kao ni promovisati ili predstavljati nezakonitu aktivnost.<\/li>\n\n\n\n<li>Ne smete zloupotrebljavati predusretljivost predstavnika Masiva uklju\u010dujuc\u0301i, bez ograni\u010denja, podno\u0161enje la\u017enih izve\u0161taja o zloupotrebi ili nedoli\u010dnom pona\u0161anju od strane bilo koje strane, onemoguc\u0301avanje, ometanje ili zaobila\u017eenje bilo koje bezbednosne mere u okviru aktivnosti ili bilo \u010dega u vezi sa aktivno\u0161\u0107u ili obratno, koja ograni\u010dava ili namec\u0301e ograni\u010denja u kori\u0161c\u0301enju ili pristupu aktivnosti.<\/li>\n\n\n\n<li>Ne smete u\u010destvovati u radnjama koje, po na\u0161em mi\u0161ljenju, imaju za cilj da se la\u017eno predstavite kao Masiv, njegovi predstavnici i\/ili da zastupate bilo kakve aktivnosti u vezi sa Masivom.<\/li>\n\n\n\n<li>Ne smete slati la\u017ene upite putem na\u0161ih online kanala (e-mail, dru\u0161tvene mre\u017ee i sl.) zahtevajuc\u0301i bilo \u0161ta od Masiva. Ovo posebno va\u017ei za slu\u010dajeve otetih i obmanjuju\u0107ih e-mail adresa, adresa sa perfidno skrivenim nejednakostima u spelovanju, a zarad la\u017enog predstavljanja.<\/li>\n<\/ol>\n\n\n\n<h2 class=\"wp-block-heading\">Posledice neprihvatljivog pona\u0161anja<\/h2>\n\n\n\n<p>Neprihvatljivo pona\u0161anje se nec\u0301e tolerisati tokom izvo\u0111enja aktivnosti na licu mesta ili online. O\u010dekujemo da se svi u\u010desnici aktivnosti pridr\u017eavaju ovih Pravila pona\u0161anja.<\/p>\n\n\n\n<p>Masiv, na svoje diskreciono pravo, mo\u017ee privremeno ili trajno zabraniti pristup svima koji kr\u0161e ova Pravila pona\u0161anja. Masiv mo\u017ee, u odgovarajuc\u0301im okolnostima, zabraniti prekr\u0161iocima ovih Pravila u\u010de\u0161c\u0301e ili prisustvo na buduc\u0301im aktivnostima Masiva i tako\u0111e mo\u017ee obavestiti poslodavca prekr\u0161ioca, vlasti ili nadle\u017ene organe o nalazu prekr\u0161aja.<\/p>\n\n\n\n<p>Masiv c\u0301e tako\u0111e izvestiti o ishodu svake istrage pojedinaca koji su prijavili kr\u0161enje ovih Pravila pona\u0161anja. Od bilo koga kome je zatra\u017eeno da prestane sa neprihvatljivim pona\u0161anjem o\u010dekuje se da odmah sa time usaglasi.<\/p>\n\n\n\n<p>U\u010desnici aktivnosti Masiva tako\u0111e moraju sara\u0111ivati sa bilo kojom istragom Masiva o izve\u0161tajima o kr\u0161enju ovih Pravila pona\u0161anja pru\u017eanjem informacija koje tra\u017ei Masiv, a koje su relevantne za datu istragu.<\/p>\n\n\n\n<h2 class=\"wp-block-heading\">\u0160ta u\u010diniti ako ste svedoci ili do\u017eivljavate uznemiravanje?<\/h2>\n\n\n\n<p>Pona\u0161anje kojim se kr\u0161e ova Pravila pona\u0161anja treba odmah prijaviti organizatorima aktivnosti Masiva, na e-mail <a href=\"mailto:contact@audioforum.rs\">contact@audioforum.rs<\/a> ili na broj telefona +381 63 375285, Dejan Pejovi\u0107.<\/p>","protected":false},"excerpt":{"rendered":"<p>Last updated: 4.11.2023. Introduction Welcome! This page serves to familiarize you with the rules that you must follow when participating in the activities of the Association Masiv. Personal safety and security of every individual present is a priority in our organization, where we mean the safety and security of those present: For a better understanding [&hellip;]<\/p>\n","protected":false},"author":3,"featured_media":288,"parent":0,"menu_order":0,"comment_status":"closed","ping_status":"closed","template":"","meta":{"_acf_changed":false,"footnotes":""},"class_list":["post-90","page","type-page","status-publish","has-post-thumbnail","hentry"],"acf":[],"yoast_head":"<!-- This site is optimized with the Yoast SEO plugin v26.9 - https:\/\/yoast.com\/product\/yoast-seo-wordpress\/ -->\n<title>Code of Conduct - Audio Forum<\/title>\n<meta name=\"description\" content=\"A unique annual pro-audio conference in the SEE, happening in Belgrade, Serbia, with seasoned experts in its speaker lineup.\" \/>\n<meta name=\"robots\" content=\"index, follow, max-snippet:-1, max-image-preview:large, max-video-preview:-1\" \/>\n<link rel=\"canonical\" href=\"https:\/\/audioforum.rs\/sr\/code-of-conduct\/\" \/>\n<meta property=\"og:locale\" content=\"sr_RS\" \/>\n<meta property=\"og:type\" content=\"article\" \/>\n<meta property=\"og:title\" content=\"Code of Conduct - Audio Forum\" \/>\n<meta property=\"og:description\" content=\"A unique annual pro-audio conference in the SEE, happening in Belgrade, Serbia, with seasoned experts in its speaker lineup.\" \/>\n<meta property=\"og:url\" content=\"https:\/\/audioforum.rs\/sr\/code-of-conduct\/\" \/>\n<meta property=\"og:site_name\" content=\"Audio Forum\" \/>\n<meta property=\"article:publisher\" content=\"https:\/\/www.facebook.com\/masivaudioforum\/\" \/>\n<meta property=\"article:modified_time\" content=\"2023-11-24T18:44:44+00:00\" \/>\n<meta property=\"og:image\" content=\"https:\/\/audioforum.rs\/wp-content\/uploads\/2023\/10\/AF_og_image_v3-01.jpg\" \/>\n\t<meta property=\"og:image:width\" content=\"1200\" \/>\n\t<meta property=\"og:image:height\" content=\"768\" \/>\n\t<meta property=\"og:image:type\" content=\"image\/jpeg\" \/>\n<meta name=\"twitter:card\" content=\"summary_large_image\" \/>\n<meta name=\"twitter:label1\" content=\"\u041f\u0440\u043e\u0446\u0435\u045a\u0435\u043d\u043e \u0432\u0440\u0435\u043c\u0435 \u0447\u0438\u0442\u0430\u045a\u0430\" \/>\n\t<meta name=\"twitter:data1\" content=\"7 \u043c\u0438\u043d\u0443\u0442\u0430\" \/>\n<script type=\"application\/ld+json\" class=\"yoast-schema-graph\">{\"@context\":\"https:\/\/schema.org\",\"@graph\":[{\"@type\":\"WebPage\",\"@id\":\"https:\/\/audioforum.rs\/code-of-conduct\/\",\"url\":\"https:\/\/audioforum.rs\/code-of-conduct\/\",\"name\":\"Code of Conduct - Audio Forum\",\"isPartOf\":{\"@id\":\"https:\/\/audioforum.rs\/#website\"},\"primaryImageOfPage\":{\"@id\":\"https:\/\/audioforum.rs\/code-of-conduct\/#primaryimage\"},\"image\":{\"@id\":\"https:\/\/audioforum.rs\/code-of-conduct\/#primaryimage\"},\"thumbnailUrl\":\"https:\/\/audioforum.rs\/wp-content\/uploads\/2023\/10\/AF_og_image_v3-01.jpg\",\"datePublished\":\"2023-10-25T20:00:13+00:00\",\"dateModified\":\"2023-11-24T18:44:44+00:00\",\"description\":\"A unique annual pro-audio conference in the SEE, happening in Belgrade, Serbia, with seasoned experts in its speaker lineup.\",\"breadcrumb\":{\"@id\":\"https:\/\/audioforum.rs\/code-of-conduct\/#breadcrumb\"},\"inLanguage\":\"sr-RS\",\"potentialAction\":[{\"@type\":\"ReadAction\",\"target\":[\"https:\/\/audioforum.rs\/code-of-conduct\/\"]}]},{\"@type\":\"ImageObject\",\"inLanguage\":\"sr-RS\",\"@id\":\"https:\/\/audioforum.rs\/code-of-conduct\/#primaryimage\",\"url\":\"https:\/\/audioforum.rs\/wp-content\/uploads\/2023\/10\/AF_og_image_v3-01.jpg\",\"contentUrl\":\"https:\/\/audioforum.rs\/wp-content\/uploads\/2023\/10\/AF_og_image_v3-01.jpg\",\"width\":1200,\"height\":768},{\"@type\":\"BreadcrumbList\",\"@id\":\"https:\/\/audioforum.rs\/code-of-conduct\/#breadcrumb\",\"itemListElement\":[{\"@type\":\"ListItem\",\"position\":1,\"name\":\"Home\",\"item\":\"https:\/\/audioforum.rs\/\"},{\"@type\":\"ListItem\",\"position\":2,\"name\":\"Code of Conduct\"}]},{\"@type\":\"WebSite\",\"@id\":\"https:\/\/audioforum.rs\/#website\",\"url\":\"https:\/\/audioforum.rs\/\",\"name\":\"Audio Forum\",\"description\":\"A unique annual pro-audio conference in SEE\",\"publisher\":{\"@id\":\"https:\/\/audioforum.rs\/#organization\"},\"potentialAction\":[{\"@type\":\"SearchAction\",\"target\":{\"@type\":\"EntryPoint\",\"urlTemplate\":\"https:\/\/audioforum.rs\/?s={search_term_string}\"},\"query-input\":{\"@type\":\"PropertyValueSpecification\",\"valueRequired\":true,\"valueName\":\"search_term_string\"}}],\"inLanguage\":\"sr-RS\"},{\"@type\":\"Organization\",\"@id\":\"https:\/\/audioforum.rs\/#organization\",\"name\":\"Audio Forum\",\"url\":\"https:\/\/audioforum.rs\/\",\"logo\":{\"@type\":\"ImageObject\",\"inLanguage\":\"sr-RS\",\"@id\":\"https:\/\/audioforum.rs\/#\/schema\/logo\/image\/\",\"url\":\"https:\/\/audioforum.rs\/wp-content\/uploads\/2023\/11\/AF_Logo-01.png\",\"contentUrl\":\"https:\/\/audioforum.rs\/wp-content\/uploads\/2023\/11\/AF_Logo-01.png\",\"width\":4000,\"height\":420,\"caption\":\"Audio Forum\"},\"image\":{\"@id\":\"https:\/\/audioforum.rs\/#\/schema\/logo\/image\/\"},\"sameAs\":[\"https:\/\/www.facebook.com\/masivaudioforum\/\",\"https:\/\/www.youtube.com\/c\/AudioForum\",\"https:\/\/www.instagram.com\/audio_forum\/\",\"https:\/\/discord.com\/invite\/pW4tgnn4k3\"]}]}<\/script>\n<!-- \/ Yoast SEO plugin. -->","yoast_head_json":{"title":"Code of Conduct - Audio Forum","description":"A unique annual pro-audio conference in the SEE, happening in Belgrade, Serbia, with seasoned experts in its speaker lineup.","robots":{"index":"index","follow":"follow","max-snippet":"max-snippet:-1","max-image-preview":"max-image-preview:large","max-video-preview":"max-video-preview:-1"},"canonical":"https:\/\/audioforum.rs\/sr\/code-of-conduct\/","og_locale":"sr_RS","og_type":"article","og_title":"Code of Conduct - Audio Forum","og_description":"A unique annual pro-audio conference in the SEE, happening in Belgrade, Serbia, with seasoned experts in its speaker lineup.","og_url":"https:\/\/audioforum.rs\/sr\/code-of-conduct\/","og_site_name":"Audio Forum","article_publisher":"https:\/\/www.facebook.com\/masivaudioforum\/","article_modified_time":"2023-11-24T18:44:44+00:00","og_image":[{"width":1200,"height":768,"url":"https:\/\/audioforum.rs\/wp-content\/uploads\/2023\/10\/AF_og_image_v3-01.jpg","type":"image\/jpeg"}],"twitter_card":"summary_large_image","twitter_misc":{"\u041f\u0440\u043e\u0446\u0435\u045a\u0435\u043d\u043e \u0432\u0440\u0435\u043c\u0435 \u0447\u0438\u0442\u0430\u045a\u0430":"7 \u043c\u0438\u043d\u0443\u0442\u0430"},"schema":{"@context":"https:\/\/schema.org","@graph":[{"@type":"WebPage","@id":"https:\/\/audioforum.rs\/code-of-conduct\/","url":"https:\/\/audioforum.rs\/code-of-conduct\/","name":"Code of Conduct - Audio Forum","isPartOf":{"@id":"https:\/\/audioforum.rs\/#website"},"primaryImageOfPage":{"@id":"https:\/\/audioforum.rs\/code-of-conduct\/#primaryimage"},"image":{"@id":"https:\/\/audioforum.rs\/code-of-conduct\/#primaryimage"},"thumbnailUrl":"https:\/\/audioforum.rs\/wp-content\/uploads\/2023\/10\/AF_og_image_v3-01.jpg","datePublished":"2023-10-25T20:00:13+00:00","dateModified":"2023-11-24T18:44:44+00:00","description":"A unique annual pro-audio conference in the SEE, happening in Belgrade, Serbia, with seasoned experts in its speaker lineup.","breadcrumb":{"@id":"https:\/\/audioforum.rs\/code-of-conduct\/#breadcrumb"},"inLanguage":"sr-RS","potentialAction":[{"@type":"ReadAction","target":["https:\/\/audioforum.rs\/code-of-conduct\/"]}]},{"@type":"ImageObject","inLanguage":"sr-RS","@id":"https:\/\/audioforum.rs\/code-of-conduct\/#primaryimage","url":"https:\/\/audioforum.rs\/wp-content\/uploads\/2023\/10\/AF_og_image_v3-01.jpg","contentUrl":"https:\/\/audioforum.rs\/wp-content\/uploads\/2023\/10\/AF_og_image_v3-01.jpg","width":1200,"height":768},{"@type":"BreadcrumbList","@id":"https:\/\/audioforum.rs\/code-of-conduct\/#breadcrumb","itemListElement":[{"@type":"ListItem","position":1,"name":"Home","item":"https:\/\/audioforum.rs\/"},{"@type":"ListItem","position":2,"name":"Code of Conduct"}]},{"@type":"WebSite","@id":"https:\/\/audioforum.rs\/#website","url":"https:\/\/audioforum.rs\/","name":"Audio Forum","description":"A unique annual pro-audio conference in SEE","publisher":{"@id":"https:\/\/audioforum.rs\/#organization"},"potentialAction":[{"@type":"SearchAction","target":{"@type":"EntryPoint","urlTemplate":"https:\/\/audioforum.rs\/?s={search_term_string}"},"query-input":{"@type":"PropertyValueSpecification","valueRequired":true,"valueName":"search_term_string"}}],"inLanguage":"sr-RS"},{"@type":"Organization","@id":"https:\/\/audioforum.rs\/#organization","name":"Audio Forum","url":"https:\/\/audioforum.rs\/","logo":{"@type":"ImageObject","inLanguage":"sr-RS","@id":"https:\/\/audioforum.rs\/#\/schema\/logo\/image\/","url":"https:\/\/audioforum.rs\/wp-content\/uploads\/2023\/11\/AF_Logo-01.png","contentUrl":"https:\/\/audioforum.rs\/wp-content\/uploads\/2023\/11\/AF_Logo-01.png","width":4000,"height":420,"caption":"Audio Forum"},"image":{"@id":"https:\/\/audioforum.rs\/#\/schema\/logo\/image\/"},"sameAs":["https:\/\/www.facebook.com\/masivaudioforum\/","https:\/\/www.youtube.com\/c\/AudioForum","https:\/\/www.instagram.com\/audio_forum\/","https:\/\/discord.com\/invite\/pW4tgnn4k3"]}]}},"_links":{"self":[{"href":"https:\/\/audioforum.rs\/sr\/wp-json\/wp\/v2\/pages\/90","targetHints":{"allow":["GET"]}}],"collection":[{"href":"https:\/\/audioforum.rs\/sr\/wp-json\/wp\/v2\/pages"}],"about":[{"href":"https:\/\/audioforum.rs\/sr\/wp-json\/wp\/v2\/types\/page"}],"author":[{"embeddable":true,"href":"https:\/\/audioforum.rs\/sr\/wp-json\/wp\/v2\/users\/3"}],"replies":[{"embeddable":true,"href":"https:\/\/audioforum.rs\/sr\/wp-json\/wp\/v2\/comments?post=90"}],"version-history":[{"count":66,"href":"https:\/\/audioforum.rs\/sr\/wp-json\/wp\/v2\/pages\/90\/revisions"}],"predecessor-version":[{"id":1055,"href":"https:\/\/audioforum.rs\/sr\/wp-json\/wp\/v2\/pages\/90\/revisions\/1055"}],"wp:featuredmedia":[{"embeddable":true,"href":"https:\/\/audioforum.rs\/sr\/wp-json\/wp\/v2\/media\/288"}],"wp:attachment":[{"href":"https:\/\/audioforum.rs\/sr\/wp-json\/wp\/v2\/media?parent=90"}],"curies":[{"name":"wp","href":"https:\/\/api.w.org\/{rel}","templated":true}]}}